{"id":24339,"date":"2025-06-08T15:55:58","date_gmt":"2025-06-08T15:55:58","guid":{"rendered":"https:\/\/agroventurecapital.multiplikate.com\/?page_id=24339"},"modified":"2025-06-09T12:56:09","modified_gmt":"2025-06-09T12:56:09","slug":"sostenibilidad-y-regeneracion","status":"publish","type":"page","link":"https:\/\/agroventurecapital.es\/?page_id=24339","title":{"rendered":"Sostenibilidad y Regeneraci\u00f3n"},"content":{"rendered":"<p>[et_pb_section fb_built=\u00bb1&#8243; custom_padding_last_edited=\u00bbon|phone\u00bb _builder_version=\u00bb4.27.4&#8243; _module_preset=\u00bbdefault\u00bb background_image=\u00bbhttps:\/\/agroventurecapital.es\/wp-content\/uploads\/2025\/06\/Agroventure-1.jpg\u00bb background_enable_video_mp4=\u00bboff\u00bb custom_margin=\u00bb0px||0px||false|false\u00bb custom_padding=\u00bb100px||100px||true|false\u00bb custom_padding_tablet=\u00bb140px||140px||true|false\u00bb custom_padding_phone=\u00bb110px||110px||true|false\u00bb global_colors_info=\u00bb{}\u00bb][et_pb_row _builder_version=\u00bb4.27.4&#8243; _module_preset=\u00bbdefault\u00bb background_color=\u00bbrgba(0,0,0,0.42)\u00bb width=\u00bb75%\u00bb max_width=\u00bb2560px\u00bb custom_margin=\u00bb0px||0px||true|false\u00bb custom_padding=\u00bb20px|25px|20px|25px|true|true\u00bb animation_style=\u00bbzoom\u00bb global_colors_info=\u00bb{}\u00bb][et_pb_column type=\u00bb4_4&#8243; _builder_version=\u00bb4.27.4&#8243; _module_preset=\u00bbdefault\u00bb global_colors_info=\u00bb{}\u00bb][et_pb_text _builder_version=\u00bb4.27.4&#8243; _module_preset=\u00bbdefault\u00bb header_4_font=\u00bbVarta|600||on|||||\u00bb header_4_text_align=\u00bbleft\u00bb header_4_text_color=\u00bb#FFFFFF\u00bb header_4_font_size=\u00bb16px\u00bb header_4_letter_spacing=\u00bb3.2px\u00bb custom_margin=\u00bb0px||-10px||false|false\u00bb custom_padding=\u00bb0px||0px||false|false\u00bb global_colors_info=\u00bb{}\u00bb]<\/p>\n<h4 style=\"text-align: center;\">Sostenibilidad y Regeneraci\u00f3n<\/h4>\n<p>[\/et_pb_text][et_pb_image src=\u00bbhttps:\/\/agroventurecapital.es\/wp-content\/uploads\/2025\/06\/agriculture-1-logo-14.png\u00bb align=\u00bbcenter\u00bb _builder_version=\u00bb4.27.4&#8243; _module_preset=\u00bbdefault\u00bb custom_margin=\u00bb0px||20px||false|false\u00bb custom_padding=\u00bb0px||0px||false|false\u00bb global_colors_info=\u00bb{}\u00bb][\/et_pb_image][et_pb_text _builder_version=\u00bb4.27.4&#8243; _module_preset=\u00bbdefault\u00bb header_font=\u00bbKufam|700||on|||||\u00bb header_text_align=\u00bbcenter\u00bb header_text_color=\u00bb#FFFFFF\u00bb header_font_size=\u00bb40px\u00bb header_letter_spacing=\u00bb-2px\u00bb header_line_height=\u00bb1.1em\u00bb custom_margin=\u00bb0px||20px||false|false\u00bb custom_padding=\u00bb0px||0px||false|false\u00bb header_font_size_tablet=\u00bb30px\u00bb header_font_size_phone=\u00bb25px\u00bb header_font_size_last_edited=\u00bbon|tablet\u00bb header_line_height_tablet=\u00bb1.1em\u00bb header_line_height_phone=\u00bb1.2em\u00bb header_line_height_last_edited=\u00bbon|phone\u00bb global_colors_info=\u00bb{}\u00bb]<\/p>\n<h1 data-start=\"454\" data-end=\"526\"><strong data-start=\"454\" data-end=\"526\">Rentabilidad a largo plazo solo es posible con un agro regenerativo.<\/strong><\/h1>\n<p>[\/et_pb_text][\/et_pb_column][\/et_pb_row][\/et_pb_section][et_pb_section fb_built=\u00bb1&#8243; custom_padding_last_edited=\u00bbon|phone\u00bb _builder_version=\u00bb4.27.4&#8243; _module_preset=\u00bbdefault\u00bb background_enable_color=\u00bboff\u00bb use_background_color_gradient=\u00bbon\u00bb background_color_gradient_stops=\u00bbrgba(245, 240, 233, 1) 70%|#ffffff 70%\u00bb custom_margin=\u00bb0px||0px||false|false\u00bb custom_padding=\u00bb60px||40px||false|false\u00bb custom_padding_tablet=\u00bb80px||80px||true|false\u00bb custom_padding_phone=\u00bb50px||50px||true|false\u00bb global_colors_info=\u00bb{}\u00bb][et_pb_row column_structure=\u00bb1_2,1_2&#8243; use_custom_gutter=\u00bbon\u00bb gutter_width=\u00bb2&#8243; _builder_version=\u00bb4.27.4&#8243; _module_preset=\u00bbdefault\u00bb width=\u00bb90%\u00bb max_width=\u00bb1170px\u00bb custom_margin=\u00bb0px||0px||false|false\u00bb custom_margin_tablet=\u00bb||0px||false|false\u00bb custom_margin_phone=\u00bb||0px||false|false\u00bb custom_margin_last_edited=\u00bbon|tablet\u00bb custom_padding=\u00bb0px||0px||false|false\u00bb animation_style=\u00bbzoom\u00bb global_colors_info=\u00bb{}\u00bb][et_pb_column type=\u00bb1_2&#8243; _builder_version=\u00bb4.17.1&#8243; _module_preset=\u00bbdefault\u00bb global_colors_info=\u00bb{}\u00bb][et_pb_text _builder_version=\u00bb4.27.4&#8243; _module_preset=\u00bbdefault\u00bb header_3_font=\u00bbVarta|700|||||||\u00bb header_3_text_align=\u00bbleft\u00bb header_3_text_color=\u00bb#5b8c51&#8243; header_3_font_size=\u00bb15px\u00bb header_3_letter_spacing=\u00bb2.5px\u00bb custom_margin=\u00bb0px||0px||false|false\u00bb custom_padding=\u00bb0px||0px||false|false\u00bb global_colors_info=\u00bb{}\u00bb]<\/p>\n<p>SOLUCIONES TECNOL\u00d3GICAS<\/p>\n<p>[\/et_pb_text][et_pb_text _builder_version=\u00bb4.27.4&#8243; _module_preset=\u00bbdefault\u00bb header_font_size=\u00bb26px\u00bb header_2_font=\u00bbKufam|700||on|||||\u00bb header_2_text_align=\u00bbleft\u00bb header_2_text_color=\u00bb#404a3d\u00bb header_2_font_size=\u00bb38px\u00bb header_2_letter_spacing=\u00bb-1px\u00bb header_2_line_height=\u00bb1.2em\u00bb custom_margin=\u00bb0px||0px||false|false\u00bb custom_padding=\u00bb10px||0px||false|false\u00bb header_2_font_size_tablet=\u00bb40px\u00bb header_2_font_size_phone=\u00bb30px\u00bb header_2_font_size_last_edited=\u00bbon|phone\u00bb global_colors_info=\u00bb{}\u00bb]<\/p>\n<h2 data-start=\"554\" data-end=\"598\" style=\"text-align: left;\"><strong data-start=\"554\" data-end=\"598\">Sostenibilidad y regeneraci\u00f3n productiva<\/strong><\/h2>\n<p>[\/et_pb_text][et_pb_image src=\u00bbhttps:\/\/agroventurecapital.es\/wp-content\/uploads\/2025\/06\/agriculture-1-logo-14.png\u00bb _builder_version=\u00bb4.27.4&#8243; _module_preset=\u00bbdefault\u00bb width_tablet=\u00bb\u00bb width_phone=\u00bb75%\u00bb width_last_edited=\u00bbon|phone\u00bb max_width_tablet=\u00bb\u00bb max_width_phone=\u00bb\u00bb max_width_last_edited=\u00bbon|phone\u00bb custom_margin=\u00bb0px||20px||false|false\u00bb custom_padding=\u00bb0px||0px||false|false\u00bb global_colors_info=\u00bb{}\u00bb][\/et_pb_image][et_pb_text _builder_version=\u00bb4.27.4&#8243; _module_preset=\u00bbdefault\u00bb text_font=\u00bbVarta|600|||||||\u00bb text_text_color=\u00bb#878986&#8243; text_font_size=\u00bb18px\u00bb text_line_height=\u00bb1.8em\u00bb custom_margin=\u00bb0px||0px||false|false\u00bb custom_padding=\u00bb0px||0px||false|false\u00bb global_colors_info=\u00bb{}\u00bb]<\/p>\n<p style=\"text-align: justify;\">Promovemos modelos agr\u00edcolas que integran sostenibilidad ambiental con eficiencia econ\u00f3mica. Nuestras inversiones priorizan la conservaci\u00f3n del suelo, el uso responsable del agua y la reducci\u00f3n de emisiones. Apostamos por sistemas regenerativos que restauran la fertilidad natural, fomentan la biodiversidad y fortalecen la resiliencia clim\u00e1tica. El futuro del agro no se sostiene con explotaci\u00f3n intensiva, sino con equilibrio entre productividad y regeneraci\u00f3n ecosist\u00e9mica.<\/p>\n<p>[\/et_pb_text][et_pb_code _builder_version=\u00bb4.17.1&#8243; _module_preset=\u00bbdefault\u00bb custom_margin=\u00bb0px||0px||false|false\u00bb custom_padding=\u00bb0px||0px||false|false\u00bb global_colors_info=\u00bb{}\u00bb]<\/p>\n<style><!-- [et_pb_line_break_holder] -->  .et_pb_main_blurb_image img {<!-- [et_pb_line_break_holder] -->    border-radius:unset;<!-- [et_pb_line_break_holder] -->  }<!-- [et_pb_line_break_holder] --><\/style>\n<p>[\/et_pb_code][\/et_pb_column][et_pb_column type=\u00bb1_2&#8243; _builder_version=\u00bb4.17.1&#8243; _module_preset=\u00bbdefault\u00bb global_colors_info=\u00bb{}\u00bb][et_pb_image src=\u00bbhttps:\/\/agroventurecapital.es\/wp-content\/uploads\/2025\/06\/Agroventureca-1-1.jpg\u00bb title_text=\u00bbAgroventureca (1)\u00bb _builder_version=\u00bb4.27.4&#8243; _module_preset=\u00bbdefault\u00bb box_shadow_style=\u00bbpreset2&#8243; global_colors_info=\u00bb{}\u00bb][\/et_pb_image][et_pb_blurb title=\u00bbInversi\u00f3n agr\u00edcola con impacto ambiental positivo.\u00bb image_icon_background_color=\u00bb#404a3d\u00bb image=\u00bbhttps:\/\/agroventurecapital.es\/wp-content\/uploads\/2025\/06\/Agroventureca-4-2.png\u00bb icon_placement=\u00bbleft\u00bb image_icon_width=\u00bb115px\u00bb _builder_version=\u00bb4.27.4&#8243; _module_preset=\u00bbdefault\u00bb header_font=\u00bbKufam|900|||||||\u00bb header_text_align=\u00bbleft\u00bb header_text_color=\u00bb#404a3d\u00bb header_font_size=\u00bb25px\u00bb header_line_height=\u00bb1.5em\u00bb body_font=\u00bbVarta|600|||||||\u00bb body_text_align=\u00bbleft\u00bb body_text_color=\u00bb#5b8c51&#8243; body_font_size=\u00bb17px\u00bb body_line_height=\u00bb1.3em\u00bb image_icon_custom_margin=\u00bb0px|20px|0px||false|false\u00bb image_icon_custom_padding=\u00bb27px|27px|27px|27px|true|true\u00bb custom_margin=\u00bb0px||0px||false|false\u00bb custom_padding=\u00bb0px||50px||false|false\u00bb custom_padding_tablet=\u00bb0px||50px||false|false\u00bb custom_padding_phone=\u00bb0px||10px||false|false\u00bb custom_padding_last_edited=\u00bbon|phone\u00bb animation=\u00bboff\u00bb hover_enabled=\u00bb0&#8243; header_line_height_tablet=\u00bb1.5em\u00bb header_line_height_phone=\u00bb1em\u00bb header_line_height_last_edited=\u00bbon|phone\u00bb body_line_height_tablet=\u00bb0.7em\u00bb body_line_height_phone=\u00bb1.4em\u00bb body_line_height_last_edited=\u00bbon|phone\u00bb custom_css_blurb_title=\u00bbmargin-top:20px\u00bb custom_css_blurb_content=\u00bbmargin:0px;\u00bb border_radii_image=\u00bbon|50%|50%|50%|50%\u00bb global_colors_info=\u00bb{}\u00bb title_text=\u00bbAgroventureca (4)\u00bb sticky_enabled=\u00bb0&#8243;][\/et_pb_blurb][et_pb_code _builder_version=\u00bb4.17.1&#8243; _module_preset=\u00bbdefault\u00bb custom_margin=\u00bb0px||0px||false|false\u00bb custom_padding=\u00bb0px||0px||false|false\u00bb global_colors_info=\u00bb{}\u00bb]<\/p>\n<style><!-- [et_pb_line_break_holder] -->  .et_pb_main_blurb_image img {<!-- [et_pb_line_break_holder] -->    border-radius:unset;<!-- [et_pb_line_break_holder] -->  }<!-- [et_pb_line_break_holder] --><\/style>\n<p>[\/et_pb_code][\/et_pb_column][\/et_pb_row][et_pb_row column_structure=\u00bb1_4,1_4,1_4,1_4&#8243; use_custom_gutter=\u00bbon\u00bb gutter_width=\u00bb2&#8243; make_equal=\u00bbon\u00bb _builder_version=\u00bb4.27.4&#8243; _module_preset=\u00bbdefault\u00bb width=\u00bb90%\u00bb max_width=\u00bb1170px\u00bb custom_margin=\u00bb0px||0px||false|false\u00bb custom_padding=\u00bb0px||0px||false|false\u00bb animation_style=\u00bbslide\u00bb animation_direction=\u00bbbottom\u00bb global_colors_info=\u00bb{}\u00bb][et_pb_column type=\u00bb1_4&#8243; _builder_version=\u00bb4.17.1&#8243; _module_preset=\u00bbdefault\u00bb background_color=\u00bb#404a3d\u00bb custom_padding=\u00bb35px|40px|34px|40px|false|false\u00bb border_radii=\u00bbon|5px|5px|5px|5px\u00bb border_width_all=\u00bb1px\u00bb border_color_all=\u00bb#5c655a\u00bb global_colors_info=\u00bb{}\u00bb][et_pb_image src=\u00bbhttps:\/\/agroventurecapital.es\/wp-content\/uploads\/2025\/06\/Agroventureca-5-2.png\u00bb title_text=\u00bbAgroventureca (5)\u00bb _builder_version=\u00bb4.27.4&#8243; _module_preset=\u00bbdefault\u00bb height=\u00bb64px\u00bb custom_margin=\u00bb0px||15px||false|false\u00bb custom_padding=\u00bb0px||0px||false|false\u00bb hover_enabled=\u00bb0&#8243; global_colors_info=\u00bb{}\u00bb align=\u00bbcenter\u00bb sticky_enabled=\u00bb0&#8243;][\/et_pb_image][et_pb_text _builder_version=\u00bb4.27.4&#8243; _module_preset=\u00bbdefault\u00bb header_3_font=\u00bbKufam|700||on|||||\u00bb header_3_text_align=\u00bbleft\u00bb header_3_text_color=\u00bb#FFFFFF\u00bb header_3_font_size=\u00bb18px\u00bb header_3_line_height=\u00bb1.3em\u00bb custom_margin=\u00bb0px||0px||false|false\u00bb custom_padding=\u00bb0px||0px||false|false\u00bb hover_enabled=\u00bb0&#8243; global_colors_info=\u00bb{}\u00bb sticky_enabled=\u00bb0&#8243;]<\/p>\n<h3 style=\"text-align: center;\">Conservaci\u00f3n H\u00eddrica<\/h3>\n<p>[\/et_pb_text][\/et_pb_column][et_pb_column type=\u00bb1_4&#8243; _builder_version=\u00bb4.17.1&#8243; _module_preset=\u00bbdefault\u00bb background_color=\u00bb#404a3d\u00bb custom_padding=\u00bb35px|40px|34px|40px|false|false\u00bb border_radii=\u00bbon|5px|5px|5px|5px\u00bb border_width_all=\u00bb1px\u00bb border_color_all=\u00bb#5c655a\u00bb global_colors_info=\u00bb{}\u00bb][et_pb_image src=\u00bbhttps:\/\/agroventurecapital.es\/wp-content\/uploads\/2025\/06\/Agroventureca-3-2.png\u00bb title_text=\u00bbAgroventureca (3)\u00bb _builder_version=\u00bb4.27.4&#8243; _module_preset=\u00bbdefault\u00bb height=\u00bb64px\u00bb custom_margin=\u00bb0px||15px||false|false\u00bb custom_padding=\u00bb0px||0px||false|false\u00bb hover_enabled=\u00bb0&#8243; global_colors_info=\u00bb{}\u00bb align=\u00bbcenter\u00bb sticky_enabled=\u00bb0&#8243;][\/et_pb_image][et_pb_text _builder_version=\u00bb4.27.4&#8243; _module_preset=\u00bbdefault\u00bb header_3_font=\u00bbKufam|700||on|||||\u00bb header_3_text_align=\u00bbleft\u00bb header_3_text_color=\u00bb#FFFFFF\u00bb header_3_font_size=\u00bb18px\u00bb header_3_line_height=\u00bb1.3em\u00bb custom_margin=\u00bb0px||0px||false|false\u00bb custom_padding=\u00bb0px||0px||false|false\u00bb hover_enabled=\u00bb0&#8243; global_colors_info=\u00bb{}\u00bb sticky_enabled=\u00bb0&#8243;]<\/p>\n<h3 style=\"text-align: center;\">Regeneraci\u00f3n Suelo<\/h3>\n<p>[\/et_pb_text][\/et_pb_column][et_pb_column type=\u00bb1_4&#8243; _builder_version=\u00bb4.17.1&#8243; _module_preset=\u00bbdefault\u00bb background_color=\u00bb#404a3d\u00bb custom_padding=\u00bb35px|40px|34px|40px|false|false\u00bb border_radii=\u00bbon|5px|5px|5px|5px\u00bb border_width_all=\u00bb1px\u00bb border_color_all=\u00bb#5c655a\u00bb global_colors_info=\u00bb{}\u00bb][et_pb_image src=\u00bbhttps:\/\/agroventurecapital.es\/wp-content\/uploads\/2025\/06\/Agroventureca-1-2.png\u00bb title_text=\u00bbAgroventureca (1)\u00bb _builder_version=\u00bb4.27.4&#8243; _module_preset=\u00bbdefault\u00bb height=\u00bb64px\u00bb custom_margin=\u00bb0px||15px||false|false\u00bb custom_padding=\u00bb0px||0px||false|false\u00bb hover_enabled=\u00bb0&#8243; global_colors_info=\u00bb{}\u00bb align=\u00bbcenter\u00bb sticky_enabled=\u00bb0&#8243;][\/et_pb_image][et_pb_text _builder_version=\u00bb4.27.4&#8243; _module_preset=\u00bbdefault\u00bb header_3_font=\u00bbKufam|700||on|||||\u00bb header_3_text_align=\u00bbleft\u00bb header_3_text_color=\u00bb#FFFFFF\u00bb header_3_font_size=\u00bb18px\u00bb header_3_line_height=\u00bb1.3em\u00bb custom_margin=\u00bb0px||0px||false|false\u00bb custom_padding=\u00bb0px||0px||false|false\u00bb hover_enabled=\u00bb0&#8243; global_colors_info=\u00bb{}\u00bb sticky_enabled=\u00bb0&#8243;]<\/p>\n<h3 style=\"text-align: center;\">Huella Reducida<\/h3>\n<p>[\/et_pb_text][\/et_pb_column][et_pb_column type=\u00bb1_4&#8243; _builder_version=\u00bb4.17.1&#8243; _module_preset=\u00bbdefault\u00bb background_color=\u00bb#404a3d\u00bb custom_padding=\u00bb35px|40px|34px|40px|false|false\u00bb border_radii=\u00bbon|5px|5px|5px|5px\u00bb border_width_all=\u00bb1px\u00bb border_color_all=\u00bb#5c655a\u00bb global_colors_info=\u00bb{}\u00bb][et_pb_image src=\u00bbhttps:\/\/agroventurecapital.es\/wp-content\/uploads\/2025\/06\/Agroventureca-2-2.png\u00bb title_text=\u00bbAgroventureca (2)\u00bb _builder_version=\u00bb4.27.4&#8243; _module_preset=\u00bbdefault\u00bb height=\u00bb64px\u00bb custom_margin=\u00bb0px||15px||false|false\u00bb custom_padding=\u00bb0px||0px||false|false\u00bb hover_enabled=\u00bb0&#8243; global_colors_info=\u00bb{}\u00bb sticky_enabled=\u00bb0&#8243; align=\u00bbcenter\u00bb][\/et_pb_image][et_pb_text _builder_version=\u00bb4.27.4&#8243; _module_preset=\u00bbdefault\u00bb header_3_font=\u00bbKufam|700||on|||||\u00bb header_3_text_align=\u00bbleft\u00bb header_3_text_color=\u00bb#FFFFFF\u00bb header_3_font_size=\u00bb18px\u00bb header_3_line_height=\u00bb1.3em\u00bb custom_margin=\u00bb0px||0px||false|false\u00bb custom_padding=\u00bb0px||0px||false|false\u00bb hover_enabled=\u00bb0&#8243; global_colors_info=\u00bb{}\u00bb sticky_enabled=\u00bb0&#8243;]<\/p>\n<h3 style=\"text-align: center;\">Biodiversidad Funcional<\/h3>\n<p>[\/et_pb_text][\/et_pb_column][\/et_pb_row][\/et_pb_section]<\/p>\n","protected":false},"excerpt":{"rendered":"<p>Sostenibilidad y Regeneraci\u00f3nRentabilidad a largo plazo solo es posible con un agro regenerativo.SOLUCIONES TECNOL\u00d3GICASSostenibilidad y regeneraci\u00f3n productivaPromovemos modelos agr\u00edcolas que integran sostenibilidad ambiental con eficiencia econ\u00f3mica. Nuestras inversiones priorizan la conservaci\u00f3n del suelo, el uso responsable del agua y la reducci\u00f3n de emisiones. Apostamos por sistemas regenerativos que restauran la fertilidad natural, fomentan la biodiversidad [&hellip;]<\/p>\n","protected":false},"author":1,"featured_media":0,"parent":0,"menu_order":0,"comment_status":"closed","ping_status":"closed","template":"","meta":{"_et_pb_use_builder":"on","_et_pb_old_content":"","_et_gb_content_width":"","footnotes":""},"class_list":["post-24339","page","type-page","status-publish","hentry"],"_links":{"self":[{"href":"https:\/\/agroventurecapital.es\/index.php?rest_route=\/wp\/v2\/pages\/24339","targetHints":{"allow":["GET"]}}],"collection":[{"href":"https:\/\/agroventurecapital.es\/index.php?rest_route=\/wp\/v2\/pages"}],"about":[{"href":"https:\/\/agroventurecapital.es\/index.php?rest_route=\/wp\/v2\/types\/page"}],"author":[{"embeddable":true,"href":"https:\/\/agroventurecapital.es\/index.php?rest_route=\/wp\/v2\/users\/1"}],"replies":[{"embeddable":true,"href":"https:\/\/agroventurecapital.es\/index.php?rest_route=%2Fwp%2Fv2%2Fcomments&post=24339"}],"version-history":[{"count":4,"href":"https:\/\/agroventurecapital.es\/index.php?rest_route=\/wp\/v2\/pages\/24339\/revisions"}],"predecessor-version":[{"id":24469,"href":"https:\/\/agroventurecapital.es\/index.php?rest_route=\/wp\/v2\/pages\/24339\/revisions\/24469"}],"wp:attachment":[{"href":"https:\/\/agroventurecapital.es\/index.php?rest_route=%2Fwp%2Fv2%2Fmedia&parent=24339"}],"curies":[{"name":"wp","href":"https:\/\/api.w.org\/{rel}","templated":true}]}}